{"id":888,"date":"2026-01-17T09:47:15","date_gmt":"2026-01-17T08:47:15","guid":{"rendered":"https:\/\/www.grundschule-langewiesen.de\/?page_id=888"},"modified":"2026-04-29T22:08:04","modified_gmt":"2026-04-29T20:08:04","slug":"impressum","status":"publish","type":"page","link":"https:\/\/www.grundschule-langewiesen.de\/?page_id=888","title":{"rendered":"Impressum"},"content":{"rendered":"\n<h5 class=\"wp-block-heading\">Herausgeber<\/h5>\n\n\n\n<p>Freistaat Th\u00fcringen,<br>vertreten durch das Staatliche Schulamt Westth\u00fcringen<br>bzw. die Staatliche Grundschule &#8222;Johann Jacob Wilhelm Heinse&#8220;<br>Vertretungsberechtigt: Schulleiterin Frau Uta Zitzmann<br>Hofgraben 6<br>98693 Ilmenau<br>Telefon-Nr. 03677812155 \/ 03677800067  <br><\/p>\n\n\n\n<p>sl@gs-langewiesen.de<\/p>\n\n\n\n<p><strong>Verantwortlich im Sinne von \u00a7 55 RStV<\/strong><br>Schulleiter Uta Zitzmann<br>Staatliche Grundschule &#8222;Johann Jacob Wilhelm Heinse&#8220;<br>Hofgraben 6<br>98693 Ilmenau<br>Telefon-Nr. 03677 812155<br>Telefax-Nr. 03677 800067<br>sl@gslangewiesen.de<\/p>\n\n\n\n<p><\/p>\n\n\n\n<p><strong>Schultr\u00e4ger<\/strong><\/p>\n\n\n\n<p>Landratsamt Ilm-Kreis<\/p>\n\n\n\n<p>Ritterstra\u00dfe 14<\/p>\n\n\n\n<p>99310 Arnstadt<\/p>\n\n\n\n<p><\/p>\n\n\n\n<p><strong>Inhaltlich verantwortlich:<\/strong><\/p>\n\n\n\n<p>David Lampe<\/p>\n\n\n\n<p><\/p>\n\n\n\n<p class=\"has-regular-font-size\"><strong>Urheberrecht<\/strong><\/p>\n\n\n\n<p>Soweit nicht anders angegeben, liegen alle Rechte bei &#8222;Staatlichen Grundschule \u201eJohann Jacob Wilhelm Heinse&#8220;. Die Verlinkung und die Verbreitung der Inhalte sind m\u00f6glich, soweit nicht Rechte Dritter ber\u00fchrt werden bzw. eine Einzelfallregelung vorliegt. Im Falle der Verlinkung und der Verbreitung muss als Quelle der Name und die Internetadresse der Schule angegeben werden.<\/p>\n\n\n\n<h5 class=\"wp-block-heading\"><strong>Haftungsausschluss<\/strong> 1<\/h5>\n\n\n\n<p>Die Informationen, die Sie auf diesem Internetauftritt vorfinden, wurden nach bestem Wissen und Gewissen sorgf\u00e4ltig zusammengestellt und gepr\u00fcft. F\u00fcr die Richtigkeit, Vollst\u00e4ndigkeit, Aktualit\u00e4t oder Qualit\u00e4t und jederzeitige Verf\u00fcgbarkeit der bereit gestellten Informationen wird jedoch keine Gew\u00e4hr \u00fcbernommen.<br>Diensteanbieter sind gem\u00e4\u00df \u00a7 7 Abs.1 TMG f\u00fcr eigene Inhalte auf diesen Seiten nach den allgemeinen Gesetzen verantwortlich. Diensteanbieter sind jedoch nicht verpflichtet, \u00fcbermittelte oder gespeicherte fremde Informationen zu \u00fcberwachen oder nach Umst\u00e4nden zu forschen, die auf eine rechtswidrige T\u00e4tigkeit hinweisen. Verpflichtungen zur Entfernung oder Sperrung der Nutzung von Informationen nach den allgemeinen Gesetzen bleiben hiervon unber\u00fchrt.<\/p>\n\n\n\n<p>Dieser Internetauftritt vermeidet Links oder Verweise auf Internetauftritte Dritter. F\u00fcr verwendete Links gilt folgendes. Diese Links zu den Internetauftritten Dritter stellen keine Zustimmung zu deren Inhalten durch den Herausgeber dar.<br>F\u00fcr die Inhalte der externen Links sind die jeweiligen Anbieter oder Betreiber (Urheber) der Seiten verantwortlich. Mit den Links zu anderen Internetauftritten wird den Nutzern lediglich der Zugang zur Nutzung der Inhalte vermittelt.<br>Die externen Links wurden zum Zeitpunkt der Linksetzung nach bestem Wissen und Gewissen auf eventuelle Rechtsverst\u00f6\u00dfe \u00fcberpr\u00fcft. Eine st\u00e4ndige inhaltliche \u00dcberpr\u00fcfung der externen Links ist ohne konkrete Anhaltspunkte einer Rechtsverletzung nicht m\u00f6glich. Bei Verlinkungen auf die Webseiten Dritter, die au\u00dferhalb des Verantwortungsbereichs des Herausgebers liegen, w\u00fcrde eine Haftungsverpflichtung nur bestehen, wenn der Herausgeber von den rechtswidrigen Inhalten Kenntnis erlangen und es technisch m\u00f6glich und zumutbar w\u00e4re, die Nutzung dieser Inhalte zu verhindern. Sollten Sie der Ansicht sein, dass die verlinkten externen Seiten gegen geltendes Recht versto\u00dfen oder sonst unangemessene Inhalte haben, so teilen Sie uns dies bitte mit.<\/p>\n\n\n\n<p class=\"has-regular-font-size\"><strong>Haftungsausschluss 2<\/strong><\/p>\n\n\n\n<p>Die ver\u00f6ffentlichten Links wurden mit gr\u00f6\u00dftm\u00f6glicher Sorgfalt recherchiert und zusammengestellt.<br>Die Schule hat bei der erstmaligen Verkn\u00fcpfung den fremden Inhalt daraufhin \u00fcberpr\u00fcft, ob durch ihn eine m\u00f6gliche zivilrechtliche oder strafrechtliche Verantwortlichkeit ausgel\u00f6st wird. Nicht ausgeschlossen werden kann, dass die fremden Inhalte danach weiterentwickelt worden sind, so dass eine neue Verantwortlichkeit begr\u00fcndet wird.<br>F\u00fcr illegale, fehlerhafte, \u00fcberholte oder unvollst\u00e4ndige Inhalte sowie f\u00fcr Sch\u00e4den, die durch Nutzung oder Nichtnutzung der Informationen entstehen, haftet allein der Anbieter der fremden Webseiten. Die Schule \u00fcbernimmt keinerlei Haftung und Gew\u00e4hrleistung. Dies betrifft auch eventuelle wirtschaftliche Folgen, die durch Ver\u00f6ffentlichung dieser Seiten entstehen k\u00f6nnen.<\/p>\n\n\n\n<p><\/p>\n\n\n\n<p class=\"has-regular-font-size\"><strong>Gew\u00e4hrleistung<\/strong><\/p>\n\n\n\n<p>Wir bem\u00fchen uns um m\u00f6glichst korrekte und aktuelle Information. Trotzdem k\u00f6nnen Fehler auftreten. Die Inhalte wurden sorgf\u00e4ltig erarbeitet. Dennoch \u00fcbernehmen Autoren und Herausgeber keine Gew\u00e4hr und Haftung f\u00fcr die Richtigkeit, Zuverl\u00e4ssigkeit, Vollst\u00e4ndigkeit und Aktualit\u00e4t der Information. Die Verwendung der Website und der darin enthaltenen Informationen erfolgt auf eigene Gefahr. \u00c4nderungen k\u00f6nnen jederzeit vorgenommen werden.<\/p>\n\n\n\n<p><\/p>\n","protected":false},"excerpt":{"rendered":"<p>Herausgeber Freistaat Th\u00fcringen,vertreten durch das Staatliche Schulamt Westth\u00fcringenbzw. die Staatliche Grundschule &#8222;Johann Jacob Wilhelm Heinse&#8220;Vertretungsberechtigt: Schulleiterin Frau Uta ZitzmannHofgraben 698693 IlmenauTelefon-Nr. 03677812155 \/ 03677800067 sl@gs-langewiesen.de [&hellip;]<\/p>\n","protected":false},"author":1,"featured_media":0,"parent":0,"menu_order":0,"comment_status":"closed","ping_status":"closed","template":"","meta":{"footnotes":""},"class_list":["post-888","page","type-page","status-publish","hentry"],"_links":{"self":[{"href":"https:\/\/www.grundschule-langewiesen.de\/index.php?rest_route=\/wp\/v2\/pages\/888","targetHints":{"allow":["GET"]}}],"collection":[{"href":"https:\/\/www.grundschule-langewiesen.de\/index.php?rest_route=\/wp\/v2\/pages"}],"about":[{"href":"https:\/\/www.grundschule-langewiesen.de\/index.php?rest_route=\/wp\/v2\/types\/page"}],"author":[{"embeddable":true,"href":"https:\/\/www.grundschule-langewiesen.de\/index.php?rest_route=\/wp\/v2\/users\/1"}],"replies":[{"embeddable":true,"href":"https:\/\/www.grundschule-langewiesen.de\/index.php?rest_route=%2Fwp%2Fv2%2Fcomments&post=888"}],"version-history":[{"count":6,"href":"https:\/\/www.grundschule-langewiesen.de\/index.php?rest_route=\/wp\/v2\/pages\/888\/revisions"}],"predecessor-version":[{"id":942,"href":"https:\/\/www.grundschule-langewiesen.de\/index.php?rest_route=\/wp\/v2\/pages\/888\/revisions\/942"}],"wp:attachment":[{"href":"https:\/\/www.grundschule-langewiesen.de\/index.php?rest_route=%2Fwp%2Fv2%2Fmedia&parent=888"}],"curies":[{"name":"wp","href":"https:\/\/api.w.org\/{rel}","templated":true}]}}