{"id":44,"date":"2023-06-23T19:12:50","date_gmt":"2023-06-23T19:12:50","guid":{"rendered":"https:\/\/wp.krabschennest.de\/?page_id=44"},"modified":"2023-06-28T21:40:45","modified_gmt":"2023-06-28T19:40:45","slug":"raeumliche-struktur","status":"publish","type":"page","link":"https:\/\/www.grundschule-langewiesen.de\/?page_id=44","title":{"rendered":"R\u00e4umliche Struktur"},"content":{"rendered":"\n<h2 class=\"wp-block-heading\">Au\u00dfenansicht Schulgeb\u00e4ude<\/h2>\n\n\n\n<figure class=\"wp-block-gallery has-nested-images columns-default is-cropped wp-block-gallery-1 is-layout-flex wp-block-gallery-is-layout-flex\">\n<figure class=\"wp-block-image size-large\"><img loading=\"lazy\" decoding=\"async\" width=\"1024\" height=\"768\" data-id=\"215\" src=\"https:\/\/wp.grundschule-langewiesen.de\/wp-content\/uploads\/2023\/06\/20230622_165305-1024x768.jpg\" alt=\"\" class=\"wp-image-215\" srcset=\"https:\/\/www.grundschule-langewiesen.de\/wp-content\/uploads\/2023\/06\/20230622_165305-1024x768.jpg 1024w, https:\/\/www.grundschule-langewiesen.de\/wp-content\/uploads\/2023\/06\/20230622_165305-300x225.jpg 300w, https:\/\/www.grundschule-langewiesen.de\/wp-content\/uploads\/2023\/06\/20230622_165305-768x576.jpg 768w, https:\/\/www.grundschule-langewiesen.de\/wp-content\/uploads\/2023\/06\/20230622_165305-1536x1152.jpg 1536w, https:\/\/www.grundschule-langewiesen.de\/wp-content\/uploads\/2023\/06\/20230622_165305-2048x1536.jpg 2048w\" sizes=\"auto, (max-width: 1024px) 100vw, 1024px\" \/><figcaption class=\"wp-element-caption\">Neubau<\/figcaption><\/figure>\n\n\n\n<figure class=\"wp-block-image size-large\"><img loading=\"lazy\" decoding=\"async\" width=\"1024\" height=\"768\" data-id=\"216\" src=\"https:\/\/wp.grundschule-langewiesen.de\/wp-content\/uploads\/2023\/06\/20230622_165345-1024x768.jpg\" alt=\"\" class=\"wp-image-216\" srcset=\"https:\/\/www.grundschule-langewiesen.de\/wp-content\/uploads\/2023\/06\/20230622_165345-1024x768.jpg 1024w, https:\/\/www.grundschule-langewiesen.de\/wp-content\/uploads\/2023\/06\/20230622_165345-300x225.jpg 300w, https:\/\/www.grundschule-langewiesen.de\/wp-content\/uploads\/2023\/06\/20230622_165345-768x576.jpg 768w, https:\/\/www.grundschule-langewiesen.de\/wp-content\/uploads\/2023\/06\/20230622_165345-1536x1152.jpg 1536w, https:\/\/www.grundschule-langewiesen.de\/wp-content\/uploads\/2023\/06\/20230622_165345-2048x1536.jpg 2048w\" sizes=\"auto, (max-width: 1024px) 100vw, 1024px\" \/><figcaption class=\"wp-element-caption\">&#8222;Altes Schulgeb\u00e4ude&#8220;<\/figcaption><\/figure>\n\n\n\n<figure class=\"wp-block-image size-large\"><img loading=\"lazy\" decoding=\"async\" width=\"1024\" height=\"681\" data-id=\"181\" src=\"https:\/\/wp.grundschule-langewiesen.de\/wp-content\/uploads\/2023\/06\/gs-langewiesen01-1536x1021-1-1024x681.jpg\" alt=\"\" class=\"wp-image-181\" srcset=\"https:\/\/www.grundschule-langewiesen.de\/wp-content\/uploads\/2023\/06\/gs-langewiesen01-1536x1021-1-1024x681.jpg 1024w, https:\/\/www.grundschule-langewiesen.de\/wp-content\/uploads\/2023\/06\/gs-langewiesen01-1536x1021-1-300x199.jpg 300w, https:\/\/www.grundschule-langewiesen.de\/wp-content\/uploads\/2023\/06\/gs-langewiesen01-1536x1021-1-768x511.jpg 768w, https:\/\/www.grundschule-langewiesen.de\/wp-content\/uploads\/2023\/06\/gs-langewiesen01-1536x1021-1.jpg 1536w\" sizes=\"auto, (max-width: 1024px) 100vw, 1024px\" \/><figcaption class=\"wp-element-caption\">Haupteingang<\/figcaption><\/figure>\n<\/figure>\n\n\n\n<p><\/p>\n\n\n\n<p><\/p>\n\n\n\n<h2 class=\"wp-block-heading\">Hortgeb\u00e4ude<\/h2>\n\n\n\n<figure class=\"wp-block-image size-large is-resized\"><img loading=\"lazy\" decoding=\"async\" src=\"https:\/\/wp.grundschule-langewiesen.de\/wp-content\/uploads\/2023\/06\/20230622_165322-1024x768.jpg\" alt=\"\" class=\"wp-image-218\" width=\"796\" height=\"576\"\/><\/figure>\n\n\n\n<figure class=\"wp-block-gallery has-nested-images columns-default is-cropped wp-block-gallery-2 is-layout-flex wp-block-gallery-is-layout-flex\">\n<figure class=\"wp-block-image size-large\"><img loading=\"lazy\" decoding=\"async\" width=\"1024\" height=\"768\" data-id=\"221\" src=\"https:\/\/wp.grundschule-langewiesen.de\/wp-content\/uploads\/2023\/06\/20230622_165607-2-1024x768.jpg\" alt=\"\" class=\"wp-image-221\" srcset=\"https:\/\/www.grundschule-langewiesen.de\/wp-content\/uploads\/2023\/06\/20230622_165607-2-1024x768.jpg 1024w, https:\/\/www.grundschule-langewiesen.de\/wp-content\/uploads\/2023\/06\/20230622_165607-2-300x225.jpg 300w, https:\/\/www.grundschule-langewiesen.de\/wp-content\/uploads\/2023\/06\/20230622_165607-2-768x576.jpg 768w, https:\/\/www.grundschule-langewiesen.de\/wp-content\/uploads\/2023\/06\/20230622_165607-2-1536x1152.jpg 1536w, https:\/\/www.grundschule-langewiesen.de\/wp-content\/uploads\/2023\/06\/20230622_165607-2-2048x1536.jpg 2048w\" sizes=\"auto, (max-width: 1024px) 100vw, 1024px\" \/><\/figure>\n<\/figure>\n\n\n\n<p><\/p>\n\n\n\n<p><\/p>\n\n\n\n<h2 class=\"wp-block-heading\">Schulhof<\/h2>\n\n\n\n<figure class=\"wp-block-gallery has-nested-images columns-default is-cropped wp-block-gallery-3 is-layout-flex wp-block-gallery-is-layout-flex\">\n<figure class=\"wp-block-image size-large\"><img loading=\"lazy\" decoding=\"async\" width=\"2400\" height=\"1800\" data-id=\"223\" src=\"https:\/\/wp.grundschule-langewiesen.de\/wp-content\/uploads\/2023\/06\/20230622_165418.jpg\" alt=\"\" class=\"wp-image-223\"\/><figcaption class=\"wp-element-caption\">Schulhof<\/figcaption><\/figure>\n<\/figure>\n\n\n\n<p><\/p>\n\n\n\n<p><\/p>\n\n\n\n<h2 class=\"wp-block-heading\">Horthof<\/h2>\n\n\n\n<figure class=\"wp-block-image size-large\"><img loading=\"lazy\" decoding=\"async\" width=\"1024\" height=\"768\" src=\"https:\/\/wp.grundschule-langewiesen.de\/wp-content\/uploads\/2023\/06\/20230622_165331-1024x768.jpg\" alt=\"\" class=\"wp-image-224\" srcset=\"https:\/\/www.grundschule-langewiesen.de\/wp-content\/uploads\/2023\/06\/20230622_165331-1024x768.jpg 1024w, https:\/\/www.grundschule-langewiesen.de\/wp-content\/uploads\/2023\/06\/20230622_165331-300x225.jpg 300w, https:\/\/www.grundschule-langewiesen.de\/wp-content\/uploads\/2023\/06\/20230622_165331-768x576.jpg 768w, https:\/\/www.grundschule-langewiesen.de\/wp-content\/uploads\/2023\/06\/20230622_165331-1536x1152.jpg 1536w, https:\/\/www.grundschule-langewiesen.de\/wp-content\/uploads\/2023\/06\/20230622_165331-2048x1536.jpg 2048w\" sizes=\"auto, (max-width: 1024px) 100vw, 1024px\" \/><\/figure>\n\n\n\n<figure class=\"wp-block-gallery has-nested-images columns-default is-cropped wp-block-gallery-4 is-layout-flex wp-block-gallery-is-layout-flex\">\n<figure class=\"wp-block-image size-large\"><img loading=\"lazy\" decoding=\"async\" width=\"1024\" height=\"768\" data-id=\"227\" src=\"https:\/\/wp.grundschule-langewiesen.de\/wp-content\/uploads\/2023\/06\/20230622_165603-1-1024x768.jpg\" alt=\"\" class=\"wp-image-227\" srcset=\"https:\/\/www.grundschule-langewiesen.de\/wp-content\/uploads\/2023\/06\/20230622_165603-1-1024x768.jpg 1024w, https:\/\/www.grundschule-langewiesen.de\/wp-content\/uploads\/2023\/06\/20230622_165603-1-300x225.jpg 300w, https:\/\/www.grundschule-langewiesen.de\/wp-content\/uploads\/2023\/06\/20230622_165603-1-768x576.jpg 768w, https:\/\/www.grundschule-langewiesen.de\/wp-content\/uploads\/2023\/06\/20230622_165603-1-1536x1152.jpg 1536w, https:\/\/www.grundschule-langewiesen.de\/wp-content\/uploads\/2023\/06\/20230622_165603-1-2048x1536.jpg 2048w\" sizes=\"auto, (max-width: 1024px) 100vw, 1024px\" \/><\/figure>\n<\/figure>\n\n\n\n<p><\/p>\n\n\n\n<p><\/p>\n\n\n\n<h2 class=\"wp-block-heading\">Computerkabinett<\/h2>\n\n\n\n<figure class=\"wp-block-gallery has-nested-images columns-default is-cropped wp-block-gallery-5 is-layout-flex wp-block-gallery-is-layout-flex\">\n<figure class=\"wp-block-image size-large\"><img loading=\"lazy\" decoding=\"async\" width=\"1024\" height=\"768\" data-id=\"231\" src=\"https:\/\/wp.grundschule-langewiesen.de\/wp-content\/uploads\/2023\/06\/20230620_112829-1024x768.jpg\" alt=\"\" class=\"wp-image-231\" srcset=\"https:\/\/www.grundschule-langewiesen.de\/wp-content\/uploads\/2023\/06\/20230620_112829-1024x768.jpg 1024w, https:\/\/www.grundschule-langewiesen.de\/wp-content\/uploads\/2023\/06\/20230620_112829-300x225.jpg 300w, https:\/\/www.grundschule-langewiesen.de\/wp-content\/uploads\/2023\/06\/20230620_112829-768x576.jpg 768w, https:\/\/www.grundschule-langewiesen.de\/wp-content\/uploads\/2023\/06\/20230620_112829-1536x1152.jpg 1536w, https:\/\/www.grundschule-langewiesen.de\/wp-content\/uploads\/2023\/06\/20230620_112829-2048x1536.jpg 2048w\" sizes=\"auto, (max-width: 1024px) 100vw, 1024px\" \/><\/figure>\n<\/figure>\n\n\n\n<p><\/p>\n\n\n\n<p><\/p>\n\n\n\n<h2 class=\"wp-block-heading\">Speisesaal<\/h2>\n\n\n\n<figure class=\"wp-block-image size-large\"><img loading=\"lazy\" decoding=\"async\" width=\"1024\" height=\"725\" src=\"https:\/\/wp.grundschule-langewiesen.de\/wp-content\/uploads\/2023\/06\/20230628_082452-1024x725.jpg\" alt=\"\" class=\"wp-image-256\" srcset=\"https:\/\/www.grundschule-langewiesen.de\/wp-content\/uploads\/2023\/06\/20230628_082452-1024x725.jpg 1024w, https:\/\/www.grundschule-langewiesen.de\/wp-content\/uploads\/2023\/06\/20230628_082452-300x213.jpg 300w, https:\/\/www.grundschule-langewiesen.de\/wp-content\/uploads\/2023\/06\/20230628_082452-768x544.jpg 768w, https:\/\/www.grundschule-langewiesen.de\/wp-content\/uploads\/2023\/06\/20230628_082452-1536x1088.jpg 1536w, https:\/\/www.grundschule-langewiesen.de\/wp-content\/uploads\/2023\/06\/20230628_082452-2048x1451.jpg 2048w\" sizes=\"auto, (max-width: 1024px) 100vw, 1024px\" \/><\/figure>\n\n\n\n<p><\/p>\n\n\n\n<p><\/p>\n\n\n\n<h2 class=\"wp-block-heading\">Schulbibliothek<\/h2>\n\n\n\n<figure class=\"wp-block-gallery has-nested-images columns-default is-cropped wp-block-gallery-6 is-layout-flex wp-block-gallery-is-layout-flex\">\n<figure class=\"wp-block-image size-large\"><img loading=\"lazy\" decoding=\"async\" width=\"1024\" height=\"768\" data-id=\"257\" src=\"https:\/\/wp.grundschule-langewiesen.de\/wp-content\/uploads\/2023\/06\/20230628_083035-1024x768.jpg\" alt=\"\" class=\"wp-image-257\" srcset=\"https:\/\/www.grundschule-langewiesen.de\/wp-content\/uploads\/2023\/06\/20230628_083035-1024x768.jpg 1024w, https:\/\/www.grundschule-langewiesen.de\/wp-content\/uploads\/2023\/06\/20230628_083035-300x225.jpg 300w, https:\/\/www.grundschule-langewiesen.de\/wp-content\/uploads\/2023\/06\/20230628_083035-768x576.jpg 768w, https:\/\/www.grundschule-langewiesen.de\/wp-content\/uploads\/2023\/06\/20230628_083035-1536x1152.jpg 1536w, https:\/\/www.grundschule-langewiesen.de\/wp-content\/uploads\/2023\/06\/20230628_083035-2048x1536.jpg 2048w\" sizes=\"auto, (max-width: 1024px) 100vw, 1024px\" \/><\/figure>\n\n\n\n<figure class=\"wp-block-image size-large\"><img loading=\"lazy\" decoding=\"async\" width=\"1024\" height=\"768\" data-id=\"258\" src=\"https:\/\/wp.grundschule-langewiesen.de\/wp-content\/uploads\/2023\/06\/20230628_083044-1024x768.jpg\" alt=\"\" class=\"wp-image-258\" srcset=\"https:\/\/www.grundschule-langewiesen.de\/wp-content\/uploads\/2023\/06\/20230628_083044-1024x768.jpg 1024w, https:\/\/www.grundschule-langewiesen.de\/wp-content\/uploads\/2023\/06\/20230628_083044-300x225.jpg 300w, https:\/\/www.grundschule-langewiesen.de\/wp-content\/uploads\/2023\/06\/20230628_083044-768x576.jpg 768w, https:\/\/www.grundschule-langewiesen.de\/wp-content\/uploads\/2023\/06\/20230628_083044-1536x1152.jpg 1536w, https:\/\/www.grundschule-langewiesen.de\/wp-content\/uploads\/2023\/06\/20230628_083044-2048x1536.jpg 2048w\" sizes=\"auto, (max-width: 1024px) 100vw, 1024px\" \/><\/figure>\n\n\n\n<figure class=\"wp-block-image size-large\"><img loading=\"lazy\" decoding=\"async\" width=\"1024\" height=\"472\" data-id=\"259\" src=\"https:\/\/wp.grundschule-langewiesen.de\/wp-content\/uploads\/2023\/06\/20230628_083056-1024x472.jpg\" alt=\"\" class=\"wp-image-259\" srcset=\"https:\/\/www.grundschule-langewiesen.de\/wp-content\/uploads\/2023\/06\/20230628_083056-1024x472.jpg 1024w, https:\/\/www.grundschule-langewiesen.de\/wp-content\/uploads\/2023\/06\/20230628_083056-300x138.jpg 300w, https:\/\/www.grundschule-langewiesen.de\/wp-content\/uploads\/2023\/06\/20230628_083056-768x354.jpg 768w, https:\/\/www.grundschule-langewiesen.de\/wp-content\/uploads\/2023\/06\/20230628_083056-1536x709.jpg 1536w, https:\/\/www.grundschule-langewiesen.de\/wp-content\/uploads\/2023\/06\/20230628_083056.jpg 1580w\" sizes=\"auto, (max-width: 1024px) 100vw, 1024px\" \/><\/figure>\n<\/figure>\n\n\n\n<p><\/p>\n\n\n\n<p><\/p>\n\n\n\n<h2 class=\"wp-block-heading\">Kunst- und Musikfachraum<\/h2>\n\n\n\n<figure class=\"wp-block-image size-large\"><img loading=\"lazy\" decoding=\"async\" width=\"1024\" height=\"714\" src=\"https:\/\/wp.grundschule-langewiesen.de\/wp-content\/uploads\/2023\/06\/20230628_082807-1-1024x714.jpg\" alt=\"\" class=\"wp-image-261\" srcset=\"https:\/\/www.grundschule-langewiesen.de\/wp-content\/uploads\/2023\/06\/20230628_082807-1-1024x714.jpg 1024w, https:\/\/www.grundschule-langewiesen.de\/wp-content\/uploads\/2023\/06\/20230628_082807-1-300x209.jpg 300w, https:\/\/www.grundschule-langewiesen.de\/wp-content\/uploads\/2023\/06\/20230628_082807-1-768x536.jpg 768w, https:\/\/www.grundschule-langewiesen.de\/wp-content\/uploads\/2023\/06\/20230628_082807-1-1536x1071.jpg 1536w, https:\/\/www.grundschule-langewiesen.de\/wp-content\/uploads\/2023\/06\/20230628_082807-1-2048x1428.jpg 2048w\" sizes=\"auto, (max-width: 1024px) 100vw, 1024px\" \/><\/figure>\n\n\n\n<p><\/p>\n\n\n\n<p><\/p>\n\n\n\n<h2 class=\"wp-block-heading\">Werkraum<\/h2>\n\n\n\n<p><\/p>\n\n\n\n<figure class=\"wp-block-gallery has-nested-images columns-default is-cropped wp-block-gallery-7 is-layout-flex wp-block-gallery-is-layout-flex\">\n<figure class=\"wp-block-image size-large\"><img loading=\"lazy\" decoding=\"async\" width=\"1024\" height=\"768\" data-id=\"264\" src=\"https:\/\/wp.grundschule-langewiesen.de\/wp-content\/uploads\/2023\/06\/20230628_083654-2-1024x768.jpg\" alt=\"\" class=\"wp-image-264\" srcset=\"https:\/\/www.grundschule-langewiesen.de\/wp-content\/uploads\/2023\/06\/20230628_083654-2-1024x768.jpg 1024w, https:\/\/www.grundschule-langewiesen.de\/wp-content\/uploads\/2023\/06\/20230628_083654-2-300x225.jpg 300w, https:\/\/www.grundschule-langewiesen.de\/wp-content\/uploads\/2023\/06\/20230628_083654-2-768x576.jpg 768w, https:\/\/www.grundschule-langewiesen.de\/wp-content\/uploads\/2023\/06\/20230628_083654-2-1536x1152.jpg 1536w, https:\/\/www.grundschule-langewiesen.de\/wp-content\/uploads\/2023\/06\/20230628_083654-2-2048x1536.jpg 2048w\" sizes=\"auto, (max-width: 1024px) 100vw, 1024px\" \/><\/figure>\n<\/figure>\n\n\n\n<p><\/p>\n\n\n\n<p><\/p>\n\n\n\n<h2 class=\"wp-block-heading\">barrierefreier Zugang<\/h2>\n\n\n\n<figure class=\"wp-block-gallery has-nested-images columns-default is-cropped wp-block-gallery-8 is-layout-flex wp-block-gallery-is-layout-flex\">\n<figure class=\"wp-block-image size-large\"><img loading=\"lazy\" decoding=\"async\" width=\"1800\" height=\"2400\" data-id=\"265\" src=\"https:\/\/wp.grundschule-langewiesen.de\/wp-content\/uploads\/2023\/06\/20230628_083201.jpg\" alt=\"\" class=\"wp-image-265\"\/><\/figure>\n<\/figure>\n","protected":false},"excerpt":{"rendered":"<p>Au\u00dfenansicht Schulgeb\u00e4ude Hortgeb\u00e4ude Schulhof Horthof Computerkabinett Speisesaal Schulbibliothek Kunst- und Musikfachraum Werkraum barrierefreier Zugang<\/p>\n","protected":false},"author":1,"featured_media":0,"parent":19,"menu_order":0,"comment_status":"closed","ping_status":"closed","template":"","meta":{"footnotes":""},"class_list":["post-44","page","type-page","status-publish","hentry"],"_links":{"self":[{"href":"https:\/\/www.grundschule-langewiesen.de\/index.php?rest_route=\/wp\/v2\/pages\/44","targetHints":{"allow":["GET"]}}],"collection":[{"href":"https:\/\/www.grundschule-langewiesen.de\/index.php?rest_route=\/wp\/v2\/pages"}],"about":[{"href":"https:\/\/www.grundschule-langewiesen.de\/index.php?rest_route=\/wp\/v2\/types\/page"}],"author":[{"embeddable":true,"href":"https:\/\/www.grundschule-langewiesen.de\/index.php?rest_route=\/wp\/v2\/users\/1"}],"replies":[{"embeddable":true,"href":"https:\/\/www.grundschule-langewiesen.de\/index.php?rest_route=%2Fwp%2Fv2%2Fcomments&post=44"}],"version-history":[{"count":7,"href":"https:\/\/www.grundschule-langewiesen.de\/index.php?rest_route=\/wp\/v2\/pages\/44\/revisions"}],"predecessor-version":[{"id":268,"href":"https:\/\/www.grundschule-langewiesen.de\/index.php?rest_route=\/wp\/v2\/pages\/44\/revisions\/268"}],"up":[{"embeddable":true,"href":"https:\/\/www.grundschule-langewiesen.de\/index.php?rest_route=\/wp\/v2\/pages\/19"}],"wp:attachment":[{"href":"https:\/\/www.grundschule-langewiesen.de\/index.php?rest_route=%2Fwp%2Fv2%2Fmedia&parent=44"}],"curies":[{"name":"wp","href":"https:\/\/api.w.org\/{rel}","templated":true}]}}