{"id":22,"date":"2023-06-23T18:51:40","date_gmt":"2023-06-23T18:51:40","guid":{"rendered":"https:\/\/wp.krabschennest.de\/?page_id=22"},"modified":"2023-07-03T21:17:11","modified_gmt":"2023-07-03T19:17:11","slug":"leitbild","status":"publish","type":"page","link":"https:\/\/www.grundschule-langewiesen.de\/?page_id=22","title":{"rendered":"Leitbild"},"content":{"rendered":"\n<h2 class=\"wp-block-heading\"><strong>ZUSAMMEN LEBEN &#8211; ZUSAMMEN LERNEN<\/strong><\/h2>\n\n\n\n<!--more-->\n\n\n\n<p><\/p>\n\n\n\n<p>An erster Stelle steht f\u00fcr uns die Absicherung einer Grundbildung, die die Verzahnung von Wissensvermittlung, Wertaneignung und Pers\u00f6nlichkeitsentwicklung beinhaltet.<\/p>\n\n\n\n<p>Jedes Kind soll seine F\u00e4higkeiten so entwickeln k\u00f6nnen, dass es in der Lage ist, den eigenen Lernprozess eigenverantwortlich und selbstst\u00e4ndig zu gestalten sowie Gelerntes selbstbewusst und engagiert anzuwenden. Mit Lernen verbinden wir auch die Entwicklung der sozialen Kompetenz und den Sinn f\u00fcr die Verantwortung jedes Einzelnen in der Gemeinschaft.<\/p>\n\n\n\n<p><strong>Zusammen leben &#8211; zusammen lernen<\/strong>&nbsp;<\/p>\n\n\n\n<p>an der Grundschule &#8222;Johann Jacob Wilhelm Heinse&#8220; hei\u00dft f\u00fcr uns:<\/p>\n\n\n\n<ul class=\"wp-block-list\">\n<li>die liebevolle Zuwendung zu jedem Kind<\/li>\n\n\n\n<li>jedes Kind entsprechend seinen F\u00e4higkeiten f\u00f6rdern und fordern<\/li>\n\n\n\n<li>altersgemischtes Lernen in der Schuleingangsphase<\/li>\n\n\n\n<li>vielf\u00e4ltige Unterrichtsmethoden<\/li>\n\n\n\n<li>\u00dcbertragung von Verantwortung auf das Kind<\/li>\n\n\n\n<li>vielf\u00e4ltige Freizeitangebote im Schulhort am Nachmittag<\/li>\n\n\n\n<li>weitere Ausgestaltung einer ansprechenden Lernumgebung im Schulhaus, den Klassenr\u00e4umen und dem Schulhof<\/li>\n\n\n\n<li>enge und vertrauensvolle Zusammenarbeit mit den Eltern<\/li>\n\n\n\n<li>Zusammenarbeit mit der Stadt Langewiesen und den Vereinen<\/li>\n<\/ul>\n","protected":false},"excerpt":{"rendered":"<p>ZUSAMMEN LEBEN &#8211; ZUSAMMEN LERNEN<\/p>\n","protected":false},"author":1,"featured_media":173,"parent":19,"menu_order":0,"comment_status":"closed","ping_status":"closed","template":"","meta":{"footnotes":""},"class_list":["post-22","page","type-page","status-publish","has-post-thumbnail","hentry"],"_links":{"self":[{"href":"https:\/\/www.grundschule-langewiesen.de\/index.php?rest_route=\/wp\/v2\/pages\/22","targetHints":{"allow":["GET"]}}],"collection":[{"href":"https:\/\/www.grundschule-langewiesen.de\/index.php?rest_route=\/wp\/v2\/pages"}],"about":[{"href":"https:\/\/www.grundschule-langewiesen.de\/index.php?rest_route=\/wp\/v2\/types\/page"}],"author":[{"embeddable":true,"href":"https:\/\/www.grundschule-langewiesen.de\/index.php?rest_route=\/wp\/v2\/users\/1"}],"replies":[{"embeddable":true,"href":"https:\/\/www.grundschule-langewiesen.de\/index.php?rest_route=%2Fwp%2Fv2%2Fcomments&post=22"}],"version-history":[{"count":8,"href":"https:\/\/www.grundschule-langewiesen.de\/index.php?rest_route=\/wp\/v2\/pages\/22\/revisions"}],"predecessor-version":[{"id":453,"href":"https:\/\/www.grundschule-langewiesen.de\/index.php?rest_route=\/wp\/v2\/pages\/22\/revisions\/453"}],"up":[{"embeddable":true,"href":"https:\/\/www.grundschule-langewiesen.de\/index.php?rest_route=\/wp\/v2\/pages\/19"}],"wp:featuredmedia":[{"embeddable":true,"href":"https:\/\/www.grundschule-langewiesen.de\/index.php?rest_route=\/wp\/v2\/media\/173"}],"wp:attachment":[{"href":"https:\/\/www.grundschule-langewiesen.de\/index.php?rest_route=%2Fwp%2Fv2%2Fmedia&parent=22"}],"curies":[{"name":"wp","href":"https:\/\/api.w.org\/{rel}","templated":true}]}}